{"id":10251,"date":"2021-08-19T13:45:34","date_gmt":"2021-08-19T16:45:34","guid":{"rendered":"https:\/\/agrosmart.com.br\/blog\/tiehome\/"},"modified":"2024-01-11T11:28:19","modified_gmt":"2024-01-11T14:28:19","slug":"tecnologia-gestao-e-noticias-sobre-o-agronegocio","status":"publish","type":"page","link":"https:\/\/agrosmart.com.br\/blog\/","title":{"rendered":"Tecnologia, gest\u00e3o e not\u00edcias sobre o agroneg\u00f3cio"},"content":{"rendered":"","protected":false},"excerpt":{"rendered":"","protected":false},"author":19,"featured_media":10340,"parent":0,"menu_order":0,"comment_status":"closed","ping_status":"closed","template":"","meta":{"content-type":""},"_links":{"self":[{"href":"https:\/\/agrosmart.com.br\/blog\/wp-json\/wp\/v2\/pages\/10251"}],"collection":[{"href":"https:\/\/agrosmart.com.br\/blog\/wp-json\/wp\/v2\/pages"}],"about":[{"href":"https:\/\/agrosmart.com.br\/blog\/wp-json\/wp\/v2\/types\/page"}],"author":[{"embeddable":true,"href":"https:\/\/agrosmart.com.br\/blog\/wp-json\/wp\/v2\/users\/19"}],"replies":[{"embeddable":true,"href":"https:\/\/agrosmart.com.br\/blog\/wp-json\/wp\/v2\/comments?post=10251"}],"version-history":[{"count":1,"href":"https:\/\/agrosmart.com.br\/blog\/wp-json\/wp\/v2\/pages\/10251\/revisions"}],"predecessor-version":[{"id":12680,"href":"https:\/\/agrosmart.com.br\/blog\/wp-json\/wp\/v2\/pages\/10251\/revisions\/12680"}],"wp:featuredmedia":[{"embeddable":true,"href":"https:\/\/agrosmart.com.br\/blog\/wp-json\/wp\/v2\/media\/10340"}],"wp:attachment":[{"href":"https:\/\/agrosmart.com.br\/blog\/wp-json\/wp\/v2\/media?parent=10251"}],"curies":[{"name":"wp","href":"https:\/\/api.w.org\/{rel}","templated":true}]}}